{"id":769,"date":"2024-01-13T03:00:02","date_gmt":"2024-01-13T00:00:02","guid":{"rendered":"https:\/\/playroomtv.com.tr\/?page_id=769"},"modified":"2024-01-13T03:02:15","modified_gmt":"2024-01-13T00:02:15","slug":"analog-tv-yayin-sistemi","status":"publish","type":"page","link":"https:\/\/playroomtv.com.tr\/en\/analog-tv-yayin-sistemi\/","title":{"rendered":"Analog TV Yay\u0131n Sistemi"},"content":{"rendered":"<div data-elementor-type=\"wp-page\" data-elementor-id=\"769\" class=\"elementor elementor-769\" data-elementor-post-type=\"page\">\n\t\t\t\t\t\t\t<div class=\"elementor-element elementor-element-1abced4 e-flex e-con-boxed elementor-invisible e-con e-parent\" data-id=\"1abced4\" data-element_type=\"container\" data-settings=\"{&quot;jet_parallax_layout_list&quot;:[],&quot;animation&quot;:&quot;fadeInUp&quot;,&quot;content_width&quot;:&quot;boxed&quot;}\" data-core-v316-plus=\"true\">\n\t\t\t\t\t<div class=\"e-con-inner\">\n\t\t\t\t<div class=\"elementor-element elementor-element-07e3885 elementor-widget elementor-widget-heading\" data-id=\"07e3885\" data-element_type=\"widget\" data-widget_type=\"heading.default\">\n\t\t\t\t<div class=\"elementor-widget-container\">\n\t\t\t<style>\/*! elementor - v3.18.0 - 04-12-2023 *\/\n.elementor-heading-title{padding:0;margin:0;line-height:1}.elementor-widget-heading .elementor-heading-title[class*=elementor-size-]>a{color:inherit;font-size:inherit;line-height:inherit}.elementor-widget-heading .elementor-heading-title.elementor-size-small{font-size:15px}.elementor-widget-heading .elementor-heading-title.elementor-size-medium{font-size:19px}.elementor-widget-heading .elementor-heading-title.elementor-size-large{font-size:29px}.elementor-widget-heading .elementor-heading-title.elementor-size-xl{font-size:39px}.elementor-widget-heading .elementor-heading-title.elementor-size-xxl{font-size:59px}<\/style><h2 class=\"elementor-heading-title elementor-size-default\">Analog TV Yay\u0131n Sistemi<\/h2>\t\t<\/div>\n\t\t\t\t<\/div>\n\t\t\t\t\t<\/div>\n\t\t\t\t<\/div>\n\t\t<div class=\"elementor-element elementor-element-1d20e93 e-flex e-con-boxed e-con e-parent\" data-id=\"1d20e93\" data-element_type=\"container\" data-settings=\"{&quot;jet_parallax_layout_list&quot;:[],&quot;content_width&quot;:&quot;boxed&quot;}\" data-core-v316-plus=\"true\">\n\t\t\t\t\t<div class=\"e-con-inner\">\n\t\t<div class=\"elementor-element elementor-element-a4b608e e-con-full e-flex elementor-invisible e-con e-child\" data-id=\"a4b608e\" data-element_type=\"container\" data-settings=\"{&quot;content_width&quot;:&quot;full&quot;,&quot;jet_parallax_layout_list&quot;:[],&quot;animation&quot;:&quot;fadeInLeft&quot;}\">\n\t\t\t\t<div class=\"elementor-element elementor-element-4e1cbde elementor-widget elementor-widget-image\" data-id=\"4e1cbde\" data-element_type=\"widget\" data-widget_type=\"image.default\">\n\t\t\t\t<div class=\"elementor-widget-container\">\n\t\t\t<style>\/*! elementor - v3.18.0 - 04-12-2023 *\/\n.elementor-widget-image{text-align:center}.elementor-widget-image a{display:inline-block}.elementor-widget-image a img[src$=\".svg\"]{width:48px}.elementor-widget-image img{vertical-align:middle;display:inline-block}<\/style>\t\t\t\t\t\t\t\t\t\t\t\t<img fetchpriority=\"high\" decoding=\"async\" width=\"1024\" height=\"1024\" src=\"https:\/\/playroomtv.com.tr\/wp-content\/uploads\/2024\/01\/1-2.png\" class=\"elementor-animation-grow attachment-large size-large wp-image-774\" alt=\"\" srcset=\"https:\/\/playroomtv.com.tr\/wp-content\/uploads\/2024\/01\/1-2.png 1024w, https:\/\/playroomtv.com.tr\/wp-content\/uploads\/2024\/01\/1-2-300x300.png 300w, https:\/\/playroomtv.com.tr\/wp-content\/uploads\/2024\/01\/1-2-150x150.png 150w, https:\/\/playroomtv.com.tr\/wp-content\/uploads\/2024\/01\/1-2-768x768.png 768w, https:\/\/playroomtv.com.tr\/wp-content\/uploads\/2024\/01\/1-2-12x12.png 12w, https:\/\/playroomtv.com.tr\/wp-content\/uploads\/2024\/01\/1-2-500x500.png 500w\" sizes=\"(max-width: 1024px) 100vw, 1024px\" \/>\t\t\t\t\t\t\t\t\t\t\t\t\t\t\t<\/div>\n\t\t\t\t<\/div>\n\t\t\t\t<\/div>\n\t\t<div class=\"elementor-element elementor-element-2954cb8 e-con-full e-flex elementor-invisible e-con e-child\" data-id=\"2954cb8\" data-element_type=\"container\" data-settings=\"{&quot;content_width&quot;:&quot;full&quot;,&quot;jet_parallax_layout_list&quot;:[],&quot;animation&quot;:&quot;fadeInRight&quot;}\">\n\t\t\t\t<div class=\"elementor-element elementor-element-63b9660 elementor-widget elementor-widget-text-editor\" data-id=\"63b9660\" data-element_type=\"widget\" data-widget_type=\"text-editor.default\">\n\t\t\t\t<div class=\"elementor-widget-container\">\n\t\t\t<style>\/*! elementor - v3.18.0 - 04-12-2023 *\/\n.elementor-widget-text-editor.elementor-drop-cap-view-stacked .elementor-drop-cap{background-color:#69727d;color:#fff}.elementor-widget-text-editor.elementor-drop-cap-view-framed .elementor-drop-cap{color:#69727d;border:3px solid;background-color:transparent}.elementor-widget-text-editor:not(.elementor-drop-cap-view-default) .elementor-drop-cap{margin-top:8px}.elementor-widget-text-editor:not(.elementor-drop-cap-view-default) .elementor-drop-cap-letter{width:1em;height:1em}.elementor-widget-text-editor .elementor-drop-cap{float:left;text-align:center;line-height:1;font-size:50px}.elementor-widget-text-editor .elementor-drop-cap-letter{display:inline-block}<\/style>\t\t\t\t<p><strong>Netko Sistem: Analog TV Yay\u0131n Sistemlerinde Derin Uzmanl\u0131k ve Kaliteli Hizmet<\/strong><\/p><p>Televizyon yay\u0131nc\u0131l\u0131\u011f\u0131n\u0131n k\u00f6kleri, analog TV yay\u0131n sistemlerine dayan\u0131r. Netko Sistem Teknoloji ve Bilgi \u0130\u015flem Hizmetleri San. Tic. Ltd. \u015eti., T\u00fcrkiye&#8217;de analog TV yay\u0131n sistemleri konusundaki derin bilgi birikimi ve kaliteli hizmet anlay\u0131\u015f\u0131 ile bu alanda \u00f6nc\u00fc bir konuma sahiptir. Analog yay\u0131nc\u0131l\u0131k, basitli\u011fi ve geni\u015f eri\u015fimi ile y\u0131llard\u0131r bir\u00e7ok evde temel e\u011flence ve bilgi kayna\u011f\u0131 olmu\u015ftur.<\/p>\t\t\t\t\t\t<\/div>\n\t\t\t\t<\/div>\n\t\t\t\t<\/div>\n\t\t\t\t\t<\/div>\n\t\t\t\t<\/div>\n\t\t<div class=\"elementor-element elementor-element-0bd4905 e-flex e-con-boxed e-con e-parent\" data-id=\"0bd4905\" data-element_type=\"container\" data-settings=\"{&quot;jet_parallax_layout_list&quot;:[],&quot;content_width&quot;:&quot;boxed&quot;}\" data-core-v316-plus=\"true\">\n\t\t\t\t\t<div class=\"e-con-inner\">\n\t\t<div class=\"elementor-element elementor-element-e59d9fc e-con-full e-flex elementor-invisible e-con e-child\" data-id=\"e59d9fc\" data-element_type=\"container\" data-settings=\"{&quot;content_width&quot;:&quot;full&quot;,&quot;jet_parallax_layout_list&quot;:[],&quot;animation&quot;:&quot;fadeInLeft&quot;}\">\n\t\t\t\t<div class=\"elementor-element elementor-element-4930d74 elementor-widget elementor-widget-text-editor\" data-id=\"4930d74\" data-element_type=\"widget\" data-widget_type=\"text-editor.default\">\n\t\t\t\t<div class=\"elementor-widget-container\">\n\t\t\t\t\t\t\t<p>Analog TV yay\u0131n sistemleri, elektromanyetik dalgalar \u00fczerinden g\u00f6r\u00fcnt\u00fc ve ses sinyallerinin iletimini i\u00e7erir. Bu sistemler, sinyalleri radyo frekanslar\u0131 arac\u0131l\u0131\u011f\u0131yla ileterek, hanelerdeki televizyonlara ula\u015ft\u0131r\u0131r. Netko Sistem, analog yay\u0131nc\u0131l\u0131\u011f\u0131n teknik y\u00f6nlerinde uzmanla\u015fm\u0131\u015f olup, bu alandaki teknik destek ve altyap\u0131 hizmetleri ile tan\u0131n\u0131r. Analog sistemlerin kurulumu, bak\u0131m\u0131 ve onar\u0131m\u0131 konusunda geni\u015f bir hizmet yelpazesi sunar.<\/p><p>Analog TV yay\u0131nlar\u0131n\u0131n en belirgin \u00f6zelliklerinden biri, sinyal kalitesinin mesafe ve \u00e7evresel fakt\u00f6rlere ba\u011fl\u0131 olarak de\u011fi\u015febilmesidir. Netko Sistem, m\u00fc\u015fterilerine en iyi g\u00f6r\u00fcnt\u00fc ve ses kalitesini sunmak i\u00e7in, altyap\u0131 ve sinyal g\u00fc\u00e7lendirme teknikleri konusunda \u00f6zel \u00e7\u00f6z\u00fcmler geli\u015ftirmi\u015ftir. Bu, \u00f6zellikle uzak b\u00f6lgelerde veya sinyal zay\u0131fl\u0131\u011f\u0131 ya\u015fanan alanlarda, izleyici deneyimini \u00f6nemli \u00f6l\u00e7\u00fcde iyile\u015ftirir.<\/p>\t\t\t\t\t\t<\/div>\n\t\t\t\t<\/div>\n\t\t\t\t<\/div>\n\t\t<div class=\"elementor-element elementor-element-58f5d3e e-con-full e-flex elementor-invisible e-con e-child\" data-id=\"58f5d3e\" data-element_type=\"container\" data-settings=\"{&quot;content_width&quot;:&quot;full&quot;,&quot;jet_parallax_layout_list&quot;:[],&quot;animation&quot;:&quot;fadeInRight&quot;}\">\n\t\t\t\t<div class=\"elementor-element elementor-element-2e08807 elementor-widget elementor-widget-image\" data-id=\"2e08807\" data-element_type=\"widget\" data-widget_type=\"image.default\">\n\t\t\t\t<div class=\"elementor-widget-container\">\n\t\t\t\t\t\t\t\t\t\t\t\t\t\t\t<img decoding=\"async\" width=\"1024\" height=\"1024\" src=\"https:\/\/playroomtv.com.tr\/wp-content\/uploads\/2024\/01\/2-2.png\" class=\"elementor-animation-grow attachment-large size-large wp-image-775\" alt=\"\" srcset=\"https:\/\/playroomtv.com.tr\/wp-content\/uploads\/2024\/01\/2-2.png 1024w, https:\/\/playroomtv.com.tr\/wp-content\/uploads\/2024\/01\/2-2-300x300.png 300w, https:\/\/playroomtv.com.tr\/wp-content\/uploads\/2024\/01\/2-2-150x150.png 150w, https:\/\/playroomtv.com.tr\/wp-content\/uploads\/2024\/01\/2-2-768x768.png 768w, https:\/\/playroomtv.com.tr\/wp-content\/uploads\/2024\/01\/2-2-12x12.png 12w, https:\/\/playroomtv.com.tr\/wp-content\/uploads\/2024\/01\/2-2-500x500.png 500w\" sizes=\"(max-width: 1024px) 100vw, 1024px\" \/>\t\t\t\t\t\t\t\t\t\t\t\t\t\t\t<\/div>\n\t\t\t\t<\/div>\n\t\t\t\t<\/div>\n\t\t\t\t\t<\/div>\n\t\t\t\t<\/div>\n\t\t<div class=\"elementor-element elementor-element-9da82c2 e-flex e-con-boxed e-con e-parent\" data-id=\"9da82c2\" data-element_type=\"container\" data-settings=\"{&quot;jet_parallax_layout_list&quot;:[],&quot;content_width&quot;:&quot;boxed&quot;}\" data-core-v316-plus=\"true\">\n\t\t\t\t\t<div class=\"e-con-inner\">\n\t\t<div class=\"elementor-element elementor-element-2a760fd e-con-full e-flex elementor-invisible e-con e-child\" data-id=\"2a760fd\" data-element_type=\"container\" data-settings=\"{&quot;content_width&quot;:&quot;full&quot;,&quot;jet_parallax_layout_list&quot;:[],&quot;animation&quot;:&quot;fadeInLeft&quot;}\">\n\t\t\t\t<div class=\"elementor-element elementor-element-6b9889b elementor-widget elementor-widget-image\" data-id=\"6b9889b\" data-element_type=\"widget\" data-widget_type=\"image.default\">\n\t\t\t\t<div class=\"elementor-widget-container\">\n\t\t\t\t\t\t\t\t\t\t\t\t\t\t\t<img decoding=\"async\" width=\"1024\" height=\"1024\" src=\"https:\/\/playroomtv.com.tr\/wp-content\/uploads\/2024\/01\/3-2.png\" class=\"elementor-animation-grow attachment-large size-large wp-image-776\" alt=\"\" srcset=\"https:\/\/playroomtv.com.tr\/wp-content\/uploads\/2024\/01\/3-2.png 1024w, https:\/\/playroomtv.com.tr\/wp-content\/uploads\/2024\/01\/3-2-300x300.png 300w, https:\/\/playroomtv.com.tr\/wp-content\/uploads\/2024\/01\/3-2-150x150.png 150w, https:\/\/playroomtv.com.tr\/wp-content\/uploads\/2024\/01\/3-2-768x768.png 768w, https:\/\/playroomtv.com.tr\/wp-content\/uploads\/2024\/01\/3-2-12x12.png 12w, https:\/\/playroomtv.com.tr\/wp-content\/uploads\/2024\/01\/3-2-500x500.png 500w\" sizes=\"(max-width: 1024px) 100vw, 1024px\" \/>\t\t\t\t\t\t\t\t\t\t\t\t\t\t\t<\/div>\n\t\t\t\t<\/div>\n\t\t\t\t<\/div>\n\t\t<div class=\"elementor-element elementor-element-35494ae e-con-full e-flex elementor-invisible e-con e-child\" data-id=\"35494ae\" data-element_type=\"container\" data-settings=\"{&quot;content_width&quot;:&quot;full&quot;,&quot;jet_parallax_layout_list&quot;:[],&quot;animation&quot;:&quot;fadeInRight&quot;}\">\n\t\t\t\t<div class=\"elementor-element elementor-element-83a2d5b elementor-widget elementor-widget-text-editor\" data-id=\"83a2d5b\" data-element_type=\"widget\" data-widget_type=\"text-editor.default\">\n\t\t\t\t<div class=\"elementor-widget-container\">\n\t\t\t\t\t\t\t<p>Analog sistemler, geleneksel yay\u0131nc\u0131l\u0131k formatlar\u0131n\u0131 desteklemesiyle bilinir. Netko Sistem, VHF ve UHF band\u0131nda yay\u0131n yapan kanallar i\u00e7in altyap\u0131 deste\u011fi sa\u011flayarak, geni\u015f bir yelpazede i\u00e7erik sunar. Bu, m\u00fc\u015fterilerinin \u00e7e\u015fitli tercihlere ve ihtiya\u00e7lara uygun esnek \u00e7\u00f6z\u00fcmlere eri\u015fimini kolayla\u015ft\u0131r\u0131r.<\/p><p>Netko Sistem ayr\u0131ca, analog TV yay\u0131n sistemlerinin modernizasyonu ve dijitalle\u015fme s\u00fcrecinde de m\u00fc\u015fterilerine rehberlik eder. Dijital d\u00f6n\u00fc\u015f\u00fcm s\u00fcrecinde, analog sistemlerden dijital sistemlere ge\u00e7i\u015fte teknik destek ve dan\u0131\u015fmanl\u0131k hizmetleri sunar. Bu s\u00fcre\u00e7, daha y\u00fcksek kaliteli yay\u0131nlar, geni\u015fletilmi\u015f kanal se\u00e7enekleri ve geli\u015fmi\u015f kullan\u0131c\u0131 deneyimi sunarak, m\u00fc\u015fterilerinin gelece\u011fe haz\u0131rlanmas\u0131n\u0131 sa\u011flar.<\/p>\t\t\t\t\t\t<\/div>\n\t\t\t\t<\/div>\n\t\t\t\t<\/div>\n\t\t\t\t\t<\/div>\n\t\t\t\t<\/div>\n\t\t<div class=\"elementor-element elementor-element-de8c11f e-flex e-con-boxed e-con e-parent\" data-id=\"de8c11f\" data-element_type=\"container\" data-settings=\"{&quot;jet_parallax_layout_list&quot;:[],&quot;content_width&quot;:&quot;boxed&quot;}\" data-core-v316-plus=\"true\">\n\t\t\t\t\t<div class=\"e-con-inner\">\n\t\t<div class=\"elementor-element elementor-element-09c8013 e-con-full e-flex elementor-invisible e-con e-child\" data-id=\"09c8013\" data-element_type=\"container\" data-settings=\"{&quot;content_width&quot;:&quot;full&quot;,&quot;jet_parallax_layout_list&quot;:[],&quot;animation&quot;:&quot;fadeInLeft&quot;}\">\n\t\t\t\t<div class=\"elementor-element elementor-element-4be4933 elementor-widget elementor-widget-text-editor\" data-id=\"4be4933\" data-element_type=\"widget\" data-widget_type=\"text-editor.default\">\n\t\t\t\t<div class=\"elementor-widget-container\">\n\t\t\t\t\t\t\t<p>Son olarak, Netko Sistem&#8217;in analog TV yay\u0131n sistemlerindeki uzmanl\u0131\u011f\u0131, m\u00fc\u015fteri odakl\u0131 yakla\u015f\u0131m\u0131 ve s\u00fcrekli yenilik aray\u0131\u015f\u0131 ile birle\u015fti\u011finde, T\u00fcrkiye&#8217;deki yay\u0131nc\u0131l\u0131k sekt\u00f6r\u00fcne de\u011ferli katk\u0131larda bulunur. Gerek ev kullan\u0131c\u0131lar\u0131 gerekse kurumsal m\u00fc\u015fteriler, Netko Sistem&#8217;in sa\u011flad\u0131\u011f\u0131 analog TV hizmetlerinden y\u00fcksek memnuniyet duymaktad\u0131r.<\/p>\t\t\t\t\t\t<\/div>\n\t\t\t\t<\/div>\n\t\t\t\t<\/div>\n\t\t<div class=\"elementor-element elementor-element-127fc6a e-con-full e-flex elementor-invisible e-con e-child\" data-id=\"127fc6a\" data-element_type=\"container\" data-settings=\"{&quot;content_width&quot;:&quot;full&quot;,&quot;jet_parallax_layout_list&quot;:[],&quot;animation&quot;:&quot;fadeInRight&quot;}\">\n\t\t\t\t<div class=\"elementor-element elementor-element-799dc84 elementor-widget elementor-widget-image\" data-id=\"799dc84\" data-element_type=\"widget\" data-widget_type=\"image.default\">\n\t\t\t\t<div class=\"elementor-widget-container\">\n\t\t\t\t\t\t\t\t\t\t\t\t\t\t\t<img loading=\"lazy\" decoding=\"async\" width=\"1024\" height=\"1024\" src=\"https:\/\/playroomtv.com.tr\/wp-content\/uploads\/2024\/01\/4-1.png\" class=\"elementor-animation-grow attachment-large size-large wp-image-777\" alt=\"\" srcset=\"https:\/\/playroomtv.com.tr\/wp-content\/uploads\/2024\/01\/4-1.png 1024w, https:\/\/playroomtv.com.tr\/wp-content\/uploads\/2024\/01\/4-1-300x300.png 300w, https:\/\/playroomtv.com.tr\/wp-content\/uploads\/2024\/01\/4-1-150x150.png 150w, https:\/\/playroomtv.com.tr\/wp-content\/uploads\/2024\/01\/4-1-768x768.png 768w, https:\/\/playroomtv.com.tr\/wp-content\/uploads\/2024\/01\/4-1-12x12.png 12w, https:\/\/playroomtv.com.tr\/wp-content\/uploads\/2024\/01\/4-1-500x500.png 500w\" sizes=\"(max-width: 1024px) 100vw, 1024px\" \/>\t\t\t\t\t\t\t\t\t\t\t\t\t\t\t<\/div>\n\t\t\t\t<\/div>\n\t\t\t\t<\/div>\n\t\t\t\t\t<\/div>\n\t\t\t\t<\/div>\n\t\t<div class=\"elementor-element elementor-element-b0f2357 e-flex e-con-boxed e-con e-parent\" data-id=\"b0f2357\" data-element_type=\"container\" data-settings=\"{&quot;jet_parallax_layout_list&quot;:[],&quot;content_width&quot;:&quot;boxed&quot;}\" data-core-v316-plus=\"true\">\n\t\t\t\t\t<div class=\"e-con-inner\">\n\t\t\t\t<div class=\"elementor-element elementor-element-55127e4 elementor-align-center elementor-mobile-align-center elementor-widget elementor-widget-raven-button\" data-id=\"55127e4\" data-element_type=\"widget\" data-settings=\"{&quot;turn_to_popup_action_button&quot;:&quot;no&quot;}\" data-widget_type=\"raven-button.default\">\n\t\t\t\t<div class=\"elementor-widget-container\">\n\t\t\t\t\t<div class=\"raven-widget-wrapper\">\n\t\t\t<a class=\"raven-button raven-button-widget-normal-effect-shine raven-button-text-align-center raven-button-link elementor-animation-grow\" href=\"https:\/\/playroomtv.com.tr\/index.php\/contact\/\">\t\t\t\t<div class=\"raven-button-overlay\" ><\/div>\n\t\t\t\t<span class=\"raven-button-content\">\n\t\t\t\t\t\n\t\t\t\t\t<div class=\"button-text-container\">\n\t\t\t\t\t\t\t\t\t\t\t\t<div class=\"raven-button-texts-wrapper\">\n\t\t\t\t\t\t\t<div class=\"button-text\">\n\t\t\t\t\t\t\t\t<span class=\"raven-button-text\">\n\t\t\t\t\t\t\t\t\tTeklif Al\t\t\t\t\t\t\t\t<\/span>\n\t\t\t\t\t\t\t<\/div>\n\t\t\t\t\t\t\t\t\t\t\t\t\t<\/div>\n\t\t\t\t\t\t\t\t\t\t\t<\/div>\n\t\t\t\t\t\n\t\t\t\t\t\t\t\t\t<\/span>\n\t\t\t<\/a>\t\t<\/div>\n\t\t\t\t<\/div>\n\t\t\t\t<\/div>\n\t\t\t\t\t<\/div>\n\t\t\t\t<\/div>\n\t\t\t\t\t\t\t<\/div>","protected":false},"excerpt":{"rendered":"<p>Analog TV Yay\u0131n Sistemi Netko Sistem: Analog TV Yay\u0131n Sistemlerinde Derin Uzmanl\u0131k ve Kaliteli Hizmet Televizyon yay\u0131nc\u0131l\u0131\u011f\u0131n\u0131n k\u00f6kleri, analog TV yay\u0131n sistemlerine dayan\u0131r. Netko Sistem Teknoloji ve Bilgi \u0130\u015flem Hizmetleri San. Tic. Ltd. \u015eti., T\u00fcrkiye&#8217;de analog TV yay\u0131n sistemleri konusundaki derin bilgi birikimi ve kaliteli hizmet anlay\u0131\u015f\u0131 ile bu alanda \u00f6nc\u00fc bir konuma sahiptir. Analog [&hellip;]<\/p>","protected":false},"author":1,"featured_media":0,"parent":0,"menu_order":0,"comment_status":"closed","ping_status":"closed","template":"elementor_header_footer","meta":{"footnotes":""},"class_list":["post-769","page","type-page","status-publish","hentry"],"acf":[],"yoast_head":"<!-- This site is optimized with the Yoast SEO Premium plugin v21.8 (Yoast SEO v21.8) - https:\/\/yoast.com\/wordpress\/plugins\/seo\/ -->\n<title>Analog TV Yay\u0131n Sistemi - Netko Sistem Teknoloji<\/title>\n<meta name=\"robots\" content=\"index, follow, max-snippet:-1, max-image-preview:large, max-video-preview:-1\" \/>\n<link rel=\"canonical\" href=\"https:\/\/playroomtv.com.tr\/en\/analog-tv-yayin-sistemi\/\" \/>\n<meta property=\"og:locale\" content=\"en_US\" \/>\n<meta property=\"og:type\" content=\"article\" \/>\n<meta property=\"og:title\" content=\"Analog TV Yay\u0131n Sistemi - Netko Sistem Teknoloji\" \/>\n<meta property=\"og:description\" content=\"Analog TV Yay\u0131n Sistemi Netko Sistem: Analog TV Yay\u0131n Sistemlerinde Derin Uzmanl\u0131k ve Kaliteli Hizmet Televizyon yay\u0131nc\u0131l\u0131\u011f\u0131n\u0131n k\u00f6kleri, analog TV yay\u0131n sistemlerine dayan\u0131r. Netko Sistem Teknoloji ve Bilgi \u0130\u015flem Hizmetleri San. Tic. Ltd. \u015eti., T\u00fcrkiye&#8217;de analog TV yay\u0131n sistemleri konusundaki derin bilgi birikimi ve kaliteli hizmet anlay\u0131\u015f\u0131 ile bu alanda \u00f6nc\u00fc bir konuma sahiptir. Analog [&hellip;]\" \/>\n<meta property=\"og:url\" content=\"https:\/\/playroomtv.com.tr\/en\/analog-tv-yayin-sistemi\/\" \/>\n<meta property=\"og:site_name\" content=\"Netko Sistem Teknoloji\" \/>\n<meta property=\"article:publisher\" content=\"https:\/\/www.facebook.com\/netkosistem\" \/>\n<meta property=\"article:modified_time\" content=\"2024-01-13T00:02:15+00:00\" \/>\n<meta property=\"og:image\" content=\"https:\/\/playroomtv.com.tr\/wp-content\/uploads\/2024\/01\/1-2.png\" \/>\n<meta name=\"twitter:card\" content=\"summary_large_image\" \/>\n<script type=\"application\/ld+json\" class=\"yoast-schema-graph\">{\"@context\":\"https:\/\/schema.org\",\"@graph\":[{\"@type\":\"WebPage\",\"@id\":\"https:\/\/playroomtv.com.tr\/analog-tv-yayin-sistemi\/\",\"url\":\"https:\/\/playroomtv.com.tr\/analog-tv-yayin-sistemi\/\",\"name\":\"Analog TV Yay\u0131n Sistemi - Netko Sistem Teknoloji\",\"isPartOf\":{\"@id\":\"https:\/\/playroomtv.com.tr\/#website\"},\"datePublished\":\"2024-01-13T00:00:02+00:00\",\"dateModified\":\"2024-01-13T00:02:15+00:00\",\"inLanguage\":\"en-US\",\"potentialAction\":[{\"@type\":\"ReadAction\",\"target\":[\"https:\/\/playroomtv.com.tr\/analog-tv-yayin-sistemi\/\"]}]},{\"@type\":\"WebSite\",\"@id\":\"https:\/\/playroomtv.com.tr\/#website\",\"url\":\"https:\/\/playroomtv.com.tr\/\",\"name\":\"Netko Sistem Teknoloji\",\"description\":\"Netko Sistem Teknoloji\",\"publisher\":{\"@id\":\"https:\/\/playroomtv.com.tr\/#organization\"},\"potentialAction\":[{\"@type\":\"SearchAction\",\"target\":{\"@type\":\"EntryPoint\",\"urlTemplate\":\"https:\/\/playroomtv.com.tr\/?s={search_term_string}\"},\"query-input\":\"required name=search_term_string\"}],\"inLanguage\":\"en-US\"},{\"@type\":\"Organization\",\"@id\":\"https:\/\/playroomtv.com.tr\/#organization\",\"name\":\"Netko Sistem Teknoloji\",\"url\":\"https:\/\/playroomtv.com.tr\/\",\"logo\":{\"@type\":\"ImageObject\",\"inLanguage\":\"en-US\",\"@id\":\"https:\/\/playroomtv.com.tr\/#\/schema\/logo\/image\/\",\"url\":\"https:\/\/netkosistem.com\/wp-content\/uploads\/2024\/01\/Adsiz-tasarim.png\",\"contentUrl\":\"https:\/\/netkosistem.com\/wp-content\/uploads\/2024\/01\/Adsiz-tasarim.png\",\"width\":1024,\"height\":1024,\"caption\":\"Netko Sistem Teknoloji\"},\"image\":{\"@id\":\"https:\/\/playroomtv.com.tr\/#\/schema\/logo\/image\/\"},\"sameAs\":[\"https:\/\/www.facebook.com\/netkosistem\",\"https:\/\/www.instagram.com\/netkosistem\/\"]}]}<\/script>\n<!-- \/ Yoast SEO Premium plugin. -->","yoast_head_json":{"title":"Analog TV Yay\u0131n Sistemi - Netko Sistem Teknoloji","robots":{"index":"index","follow":"follow","max-snippet":"max-snippet:-1","max-image-preview":"max-image-preview:large","max-video-preview":"max-video-preview:-1"},"canonical":"https:\/\/playroomtv.com.tr\/en\/analog-tv-yayin-sistemi\/","og_locale":"en_US","og_type":"article","og_title":"Analog TV Yay\u0131n Sistemi - Netko Sistem Teknoloji","og_description":"Analog TV Yay\u0131n Sistemi Netko Sistem: Analog TV Yay\u0131n Sistemlerinde Derin Uzmanl\u0131k ve Kaliteli Hizmet Televizyon yay\u0131nc\u0131l\u0131\u011f\u0131n\u0131n k\u00f6kleri, analog TV yay\u0131n sistemlerine dayan\u0131r. Netko Sistem Teknoloji ve Bilgi \u0130\u015flem Hizmetleri San. Tic. Ltd. \u015eti., T\u00fcrkiye&#8217;de analog TV yay\u0131n sistemleri konusundaki derin bilgi birikimi ve kaliteli hizmet anlay\u0131\u015f\u0131 ile bu alanda \u00f6nc\u00fc bir konuma sahiptir. Analog [&hellip;]","og_url":"https:\/\/playroomtv.com.tr\/en\/analog-tv-yayin-sistemi\/","og_site_name":"Netko Sistem Teknoloji","article_publisher":"https:\/\/www.facebook.com\/netkosistem","article_modified_time":"2024-01-13T00:02:15+00:00","og_image":[{"url":"https:\/\/playroomtv.com.tr\/wp-content\/uploads\/2024\/01\/1-2.png"}],"twitter_card":"summary_large_image","schema":{"@context":"https:\/\/schema.org","@graph":[{"@type":"WebPage","@id":"https:\/\/playroomtv.com.tr\/analog-tv-yayin-sistemi\/","url":"https:\/\/playroomtv.com.tr\/analog-tv-yayin-sistemi\/","name":"Analog TV Yay\u0131n Sistemi - Netko Sistem Teknoloji","isPartOf":{"@id":"https:\/\/playroomtv.com.tr\/#website"},"datePublished":"2024-01-13T00:00:02+00:00","dateModified":"2024-01-13T00:02:15+00:00","inLanguage":"en-US","potentialAction":[{"@type":"ReadAction","target":["https:\/\/playroomtv.com.tr\/analog-tv-yayin-sistemi\/"]}]},{"@type":"WebSite","@id":"https:\/\/playroomtv.com.tr\/#website","url":"https:\/\/playroomtv.com.tr\/","name":"Netko Sistem Teknoloji","description":"Netko Sistem Teknoloji","publisher":{"@id":"https:\/\/playroomtv.com.tr\/#organization"},"potentialAction":[{"@type":"SearchAction","target":{"@type":"EntryPoint","urlTemplate":"https:\/\/playroomtv.com.tr\/?s={search_term_string}"},"query-input":"required name=search_term_string"}],"inLanguage":"en-US"},{"@type":"Organization","@id":"https:\/\/playroomtv.com.tr\/#organization","name":"Netko Sistem Teknoloji","url":"https:\/\/playroomtv.com.tr\/","logo":{"@type":"ImageObject","inLanguage":"en-US","@id":"https:\/\/playroomtv.com.tr\/#\/schema\/logo\/image\/","url":"https:\/\/netkosistem.com\/wp-content\/uploads\/2024\/01\/Adsiz-tasarim.png","contentUrl":"https:\/\/netkosistem.com\/wp-content\/uploads\/2024\/01\/Adsiz-tasarim.png","width":1024,"height":1024,"caption":"Netko Sistem Teknoloji"},"image":{"@id":"https:\/\/playroomtv.com.tr\/#\/schema\/logo\/image\/"},"sameAs":["https:\/\/www.facebook.com\/netkosistem","https:\/\/www.instagram.com\/netkosistem\/"]}]}},"_links":{"self":[{"href":"https:\/\/playroomtv.com.tr\/en\/wp-json\/wp\/v2\/pages\/769","targetHints":{"allow":["GET"]}}],"collection":[{"href":"https:\/\/playroomtv.com.tr\/en\/wp-json\/wp\/v2\/pages"}],"about":[{"href":"https:\/\/playroomtv.com.tr\/en\/wp-json\/wp\/v2\/types\/page"}],"author":[{"embeddable":true,"href":"https:\/\/playroomtv.com.tr\/en\/wp-json\/wp\/v2\/users\/1"}],"replies":[{"embeddable":true,"href":"https:\/\/playroomtv.com.tr\/en\/wp-json\/wp\/v2\/comments?post=769"}],"version-history":[{"count":4,"href":"https:\/\/playroomtv.com.tr\/en\/wp-json\/wp\/v2\/pages\/769\/revisions"}],"predecessor-version":[{"id":780,"href":"https:\/\/playroomtv.com.tr\/en\/wp-json\/wp\/v2\/pages\/769\/revisions\/780"}],"wp:attachment":[{"href":"https:\/\/playroomtv.com.tr\/en\/wp-json\/wp\/v2\/media?parent=769"}],"curies":[{"name":"wp","href":"https:\/\/api.w.org\/{rel}","templated":true}]}}